{"id":32,"date":"2023-02-04T19:26:31","date_gmt":"2023-02-04T18:26:31","guid":{"rendered":"https:\/\/akeyi.me\/imprint\/"},"modified":"2023-02-07T23:20:30","modified_gmt":"2023-02-07T22:20:30","slug":"imprimir","status":"publish","type":"page","link":"https:\/\/akeyi.me\/es\/imprimir\/","title":{"rendered":"Imprint"},"content":{"rendered":"<!-- Legal document generated by Complianz | GDPR\/CCPA Cookie Consent https:\/\/wordpress.org\/plugins\/complianz-gdpr -->\n<div id=\"cmplz-document\" class=\"cmplz-document impressum cmplz-document-all\"><p><i>This imprint was last updated on 7 febrero 2023.<\/i><\/p><p class=\"cmplz-subtitle\">El propietario de este sitio web es:<\/p><p>&#75;&#101;&#x7a;e&#114;&#x73; d.o.o.<br>Letali\u0161ka cesta 16A<br \/>\r\n1000 Liubliana<br>Eslovenia<br>Email:&nbsp;&#104;&#101;&#108;l&#111;&#064;keze&#114;&#115;.co&#109;<br>Phone number: &#x2b;&#x20;&#x33;&#x38;&#x36;&#x20;&#49;&#32;&#56;&#56;8893&#x33;<br>VAT ID:&nbsp;&#83;&#x49;&#54;&#x39;&#52;&#x39;0&#x31;1&#x32;<\/p><h2>1. General<\/h2><p class=\"cmplz-subtitle\">1.1 Estamos registrados en Ajpes con el n\u00famero de licencia o registro:<\/p><p>6780172000<\/p><p>No estamos dispuestos ni obligados a participar en procedimientos de resoluci\u00f3n de litigios ante una junta de arbitraje de consumo.<\/p><h2>2. La siguiente informaci\u00f3n es obligatoria seg\u00fan la legislaci\u00f3n alemana.<\/h2><p class=\"cmplz-subtitle\">2.1 Los elementos constitutivos de la sociedad (capital social) que le han sido asignados:<\/p><p>50.000\u20ac<\/p><\/div>","protected":false},"excerpt":{"rendered":"","protected":false},"author":1,"featured_media":0,"parent":0,"menu_order":0,"comment_status":"closed","ping_status":"closed","template":"","meta":{"footnotes":""},"class_list":["post-32","page","type-page","status-publish","hentry"],"_links":{"self":[{"href":"https:\/\/akeyi.me\/es\/wp-json\/wp\/v2\/pages\/32","targetHints":{"allow":["GET"]}}],"collection":[{"href":"https:\/\/akeyi.me\/es\/wp-json\/wp\/v2\/pages"}],"about":[{"href":"https:\/\/akeyi.me\/es\/wp-json\/wp\/v2\/types\/page"}],"author":[{"embeddable":true,"href":"https:\/\/akeyi.me\/es\/wp-json\/wp\/v2\/users\/1"}],"replies":[{"embeddable":true,"href":"https:\/\/akeyi.me\/es\/wp-json\/wp\/v2\/comments?post=32"}],"version-history":[{"count":1,"href":"https:\/\/akeyi.me\/es\/wp-json\/wp\/v2\/pages\/32\/revisions"}],"predecessor-version":[{"id":50,"href":"https:\/\/akeyi.me\/es\/wp-json\/wp\/v2\/pages\/32\/revisions\/50"}],"wp:attachment":[{"href":"https:\/\/akeyi.me\/es\/wp-json\/wp\/v2\/media?parent=32"}],"curies":[{"name":"wp","href":"https:\/\/api.w.org\/{rel}","templated":true}]}}