{"id":32,"date":"2023-02-04T19:26:31","date_gmt":"2023-02-04T18:26:31","guid":{"rendered":"https:\/\/akeyi.me\/imprint\/"},"modified":"2023-02-07T23:20:30","modified_gmt":"2023-02-07T22:20:30","slug":"impression","status":"publish","type":"page","link":"https:\/\/akeyi.me\/fr\/impression\/","title":{"rendered":"Imprint"},"content":{"rendered":"<!-- Legal document generated by Complianz | GDPR\/CCPA Cookie Consent https:\/\/wordpress.org\/plugins\/complianz-gdpr -->\n<div id=\"cmplz-document\" class=\"cmplz-document impressum cmplz-document-all\"><p><i>This imprint was last updated on 7 f\u00e9vrier 2023.<\/i><\/p><p class=\"cmplz-subtitle\">Le propri\u00e9taire de ce site Web est :<\/p><p>Kezers d.o.o.<br>&#x4c;&#101;t&#x61;&#108;i\u0161k&#x61;&#32;c&#x65;&#115;t&#x61;&#32;1&#x36;&#65;<br \/>\r\n100&#48;&#32;&#76;&#x6a;&#x75;&#x62;&#x6c;&#x6a;&#x61;na<br>Slov\u00e9nie<br>Email:&nbsp;&#104;ello&#064;&#107;&#101;z&#101;r&#115;.com<br>Phone number: + &#51;&#56;&#54;&#x20;&#x31;&#x20;&#x38;88&#56;&#57;&#51;&#x33;<br>VAT ID:&nbsp;&#83;&#x49;&#54;&#x39;4&#57;&#x30;&#49;&#x31;2<\/p><h2>G\u00e9n\u00e9ralit\u00e9s<\/h2><p class=\"cmplz-subtitle\">1.1 Nous sommes enregistr\u00e9s aupr\u00e8s d'Ajpes sous le num\u00e9ro de licence ou d'enregistrement :<\/p><p>6780172000<\/p><p>Nous ne sommes pas dispos\u00e9s ni oblig\u00e9s de participer \u00e0 des proc\u00e9dures de r\u00e8glement des litiges devant un conseil d'arbitrage des consommateurs.<\/p><h2>2. Les informations suivantes sont obligatoires selon la loi allemande.<\/h2><p class=\"cmplz-subtitle\">2.1 Die Eigentumsanteile der Gesellschaft (Aktienkapital), die von ihr ausgegeben wurden :<\/p><p>50.000\u20ac<\/p><\/div>","protected":false},"excerpt":{"rendered":"","protected":false},"author":1,"featured_media":0,"parent":0,"menu_order":0,"comment_status":"closed","ping_status":"closed","template":"","meta":{"footnotes":""},"class_list":["post-32","page","type-page","status-publish","hentry"],"_links":{"self":[{"href":"https:\/\/akeyi.me\/fr\/wp-json\/wp\/v2\/pages\/32","targetHints":{"allow":["GET"]}}],"collection":[{"href":"https:\/\/akeyi.me\/fr\/wp-json\/wp\/v2\/pages"}],"about":[{"href":"https:\/\/akeyi.me\/fr\/wp-json\/wp\/v2\/types\/page"}],"author":[{"embeddable":true,"href":"https:\/\/akeyi.me\/fr\/wp-json\/wp\/v2\/users\/1"}],"replies":[{"embeddable":true,"href":"https:\/\/akeyi.me\/fr\/wp-json\/wp\/v2\/comments?post=32"}],"version-history":[{"count":1,"href":"https:\/\/akeyi.me\/fr\/wp-json\/wp\/v2\/pages\/32\/revisions"}],"predecessor-version":[{"id":50,"href":"https:\/\/akeyi.me\/fr\/wp-json\/wp\/v2\/pages\/32\/revisions\/50"}],"wp:attachment":[{"href":"https:\/\/akeyi.me\/fr\/wp-json\/wp\/v2\/media?parent=32"}],"curies":[{"name":"wp","href":"https:\/\/api.w.org\/{rel}","templated":true}]}}