{"id":29,"date":"2023-02-04T19:01:10","date_gmt":"2023-02-04T18:01:10","guid":{"rendered":"https:\/\/akeyi.me\/terms-conditions\/"},"modified":"2023-02-07T23:21:14","modified_gmt":"2023-02-07T22:21:14","slug":"pogoji","status":"publish","type":"page","link":"https:\/\/akeyi.me\/sl\/pogoji\/","title":{"rendered":"Pogoji in dolo\u010dila"},"content":{"rendered":"<!-- This legal document was generated by Complianz Terms &amp; Conditions https:\/\/wordpress.org\/plugins\/complianz-terms-conditions -->\n<div id=\"cmplz-document\" class=\"cmplz-document cmplz-terms-conditions\"><p><i>Pogoji so bili nazadnje posodobljeni 6. februarja 2023.<\/i><\/p><h2>1. Uvod<\/h2><p>Ti pogoji veljajo za to spletno mesto ter za transakcije, povezane z na\u0161imi izdelki in storitvami. Morda vas zavezujejo dodatne pogodbe, povezane z va\u0161im odnosom z nami ali izdelki ali storitvami, ki jih prejmete od nas. \u010ce so dolo\u010dbe dodatnih pogodb v nasprotju s katerimi koli dolo\u010dbami teh pogojev, bodo veljale in prevladovale dolo\u010dbe teh dodatnih pogodb.<\/p><h2>2. Vezava<\/h2><p>Z registracijo, dostopom ali drugo uporabo tega spletnega mesta se strinjate, da vas zavezujejo ti spodaj navedeni pogoji in dolo\u010dila. \u017de sama uporaba tega spletnega mesta pomeni, da ste seznanjeni s temi pogoji in jih sprejemate. V nekaterih posebnih primerih lahko od vas zahtevamo tudi izrecno soglasje.<\/p><h2>3. Intelektualna lastnina<\/h2><p>Mi ali na\u0161i izdajatelji licenc imamo v lasti in nadzorujemo vse avtorske pravice in druge pravice intelektualne lastnine spletnega mesta ter podatkov, informacij in drugih virov, ki so prikazani na spletnem mestu ali dostopni znotraj njega.<\/p><p class=\"cmplz-subtitle\">3.1 Creative Commons<\/p><p>Vsebina na tem spletnem mestu je na voljo pod licenco, razen \u010de ni dolo\u010deno druga\u010de.<\/p><h2>4. Lastnina tretjih oseb<\/h2><p>Na\u0161e spletno mesto lahko vsebuje hiperpovezave ali druge sklice na spletna mesta drugih strank. Ne spremljamo ali pregledujemo vsebine spletnih strani drugih oseb, na katere vodijo povezave s tega spletnega mesta. Za izdelke ali storitve, ki jih ponujajo druga spletna mesta, veljajo veljavni pogoji in dolo\u010dila teh tretjih oseb. Ni nujno, da se z mnenji ali gradivom na teh spletnih straneh strinjamo ali jih podpiramo.<\/p><p>Ne odgovarjamo za ravnanje v zvezi z zasebnostjo ali vsebino teh spletnih mest. Vsa tveganja, povezana z uporabo teh spletnih mest in povezanih storitev tretjih oseb, nosite sami. Ne prevzemamo nobene odgovornosti za kakr\u0161no koli izgubo ali \u0161kodo na kakr\u0161en koli na\u010din, ki bi nastala zaradi va\u0161ega razkritja osebnih podatkov tretjim osebam.<\/p><h2>5. Odgovorna uporaba<\/h2><p>Z obiskom na\u0161ega spletnega mesta se strinjate, da ga boste uporabljali le v namene, ki so predvideni in dovoljeni s temi pogoji, morebitnimi dodatnimi pogodbami z nami ter veljavnimi zakoni, predpisi in splo\u0161no sprejetimi spletnimi praksami ter industrijskimi smernicami. Na\u0161ega spletnega mesta ali storitev ne smete uporabljati za uporabo, objavo ali distribucijo gradiva, ki je sestavljeno iz zlonamerne ra\u010dunalni\u0161ke programske opreme (ali je z njo povezano); podatkov, zbranih na na\u0161em spletnem mestu, ne smete uporabljati za kakr\u0161no koli dejavnost neposrednega tr\u017eenja ali izvajati kakr\u0161nih koli dejavnosti sistemati\u010dnega ali avtomatiziranega zbiranja podatkov na na\u0161em spletnem mestu ali v zvezi z njim.<\/p><p>Strogo je prepovedano izvajati kakr\u0161no koli dejavnost, ki povzro\u010da ali bi lahko povzro\u010dila \u0161kodo na spletnem mestu ali ki ovira delovanje, razpolo\u017eljivost ali dostopnost spletnega mesta.<\/p><h2>6. Pravilnik o vra\u010dilu in vra\u010dilu<\/h2><p class=\"cmplz-subtitle\">6.1 Pravica do umika<\/p><p>V 14 dneh imate pravico odstopiti od te pogodbe brez navedbe razloga.<\/p><p>\u010ce \u017eelite uveljavljati pravico do odstopa od pogodbe, nas morate o svoji odlo\u010ditvi za odstop od te pogodbe obvestiti z nedvoumno izjavo (na primer s pismom, poslanim po po\u0161ti, telefaksu ali elektronski po\u0161ti). Na\u0161i kontaktni podatki so na voljo spodaj. Uporabite lahko prilo\u017eeni vzorec <a target=\"_blank\" href=\"http:\/\/akeyi.me\/wp-content\/uploads\/complianz\/withdrawal-forms\/withdrawal-form-sl.pdf\">obrazec za umik<\/a>, vendar to ni obvezno.<\/p><p>Elektronsko lahko izpolnite in predlo\u017eite tudi vzor\u010dni obrazec za umik ali katero koli drugo nedvoumno izjavo na na\u0161i <a href=\"https:\/\/akeyi.me\/sl\/contact\/\"> spletna stran<\/a>.<\/p><p>\u010ce uporabite to mo\u017enost, vam bomo na trajnem nosilcu podatkov (na primer po elektronski po\u0161ti) nemudoma poslali potrdilo o prejemu tak\u0161nega umika.<\/p><p>Za spo\u0161tovanje roka za odstop od pogodbe je dovolj, da sporo\u010dilo o uveljavljanju pravice do odstopa od pogodbe po\u0161ljete pred iztekom roka za odstop od pogodbe.<\/p><p class=\"cmplz-subtitle\">6.2 U\u010dinki umika<\/p><p>\u010ce odstopite od te pogodbe, vam bomo brez nepotrebnega odla\u0161anja in v vsakem primeru najpozneje v 14 dneh od dneva, ko smo bili obve\u0161\u010deni o va\u0161i odlo\u010ditvi za odstop od te pogodbe, povrnili vsa prejeta pla\u010dila, vklju\u010dno s stro\u0161ki dostave (razen dodatnih stro\u0161kov, ki nastanejo zaradi va\u0161e izbire vrste dostave, ki ni najcenej\u0161a vrsta standardne dostave, ki smo jo ponudili). Tak\u0161no povra\u010dilo bomo izvedli z enakim pla\u010dilnim sredstvom, kot ste ga uporabili pri za\u010detni transakciji, razen \u010de ste se izrecno dogovorili druga\u010de; v nobenem primeru zaradi takega povra\u010dila ne boste imeli nobenih stro\u0161kov.<\/p><p>Odgovorni ste le za kakr\u0161no koli zmanj\u0161anje vrednosti blaga, ki je posledica ravnanja, ki ni potrebno za ugotovitev narave, zna\u010dilnosti in delovanja blaga.<\/p><p>Upo\u0161tevajte, da pri pravici do odstopa od pogodbe obstajajo nekatere pravne izjeme, zato nekaterih izdelkov ni mogo\u010de vrniti ali zamenjati.  \u010ce to velja v va\u0161em primeru, vas bomo o tem obvestili.<\/p><h2>7. Predlo\u017eitev idej<\/h2><p>Ne predlo\u017eite idej, izumov, avtorskih del ali drugih informacij, ki bi jih lahko \u0161teli za va\u0161o intelektualno lastnino in ki bi nam jih radi predstavili, razen \u010de smo predhodno podpisali pogodbo o intelektualni lastnini ali pogodbo o nerazkrivanju. \u010ce nam jo razkrijete brez tak\u0161nega pisnega dogovora, nam podeljujete svetovno, nepreklicno, neizklju\u010dno in brezpla\u010dno licenco za uporabo, reprodukcijo, shranjevanje, prilagajanje, objavljanje, prevajanje in distribucijo va\u0161e vsebine v vseh obstoje\u010dih ali prihodnjih medijih.<\/p><h2>8. Prenehanje uporabe<\/h2><p>Po lastni presoji lahko kadar koli za\u010dasno ali trajno spremenimo ali prekinemo dostop do spletnega mesta ali katere koli storitve na njem. Strinjate se, da ne bomo odgovorni vam ali tretji osebi za kakr\u0161no koli spremembo, za\u010dasno ali trajno prekinitev va\u0161ega dostopa do spletnega mesta ali njegove uporabe ali katere koli vsebine, ki ste jo morda delili na spletnem mestu. Do od\u0161kodnine ali drugega pla\u010dila ne boste upravi\u010deni, tudi \u010de bodo dolo\u010dene funkcije, nastavitve in\/ali vsebina, ki ste jo prispevali ali ste se nanjo zanesli, trajno izgubljeni. Ne smete zaobiti ali zaobiti ali poskusiti zaobiti ali zaobiti nobenih ukrepov za omejevanje dostopa na na\u0161em spletnem mestu.<\/p><h2>9. Jamstva in odgovornost<\/h2><p>Ni\u010d v tem razdelku ne omejuje ali izklju\u010duje kakr\u0161ne koli garancije, ki izhaja iz zakona in bi jo bilo nezakonito omejiti ali izklju\u010diti. Ta spletna stran in vsa vsebina na spletni strani sta zagotovljeni na podlagi \"kot je\" in \"kot je na voljo\" ter lahko vsebujeta neto\u010dnosti ali tipkarske napake. Izrecno zavra\u010damo vsa izrecna ali implicitna jamstva glede razpolo\u017eljivosti, to\u010dnosti ali popolnosti vsebine. Ne jam\u010dimo, da:<\/p><p>Naslednje dolo\u010dbe tega poglavja veljajo v najve\u010djem mo\u017enem obsegu, ki ga dovoljuje veljavna zakonodaja, in ne omejujejo ali izklju\u010dujejo na\u0161e odgovornosti v zvezi z vsemi zadevami, za katere bi bilo nezakonito ali protizakonito, \u010de bi omejili ali izklju\u010dili na\u0161o odgovornost. V nobenem primeru ne bomo odgovorni za kakr\u0161no koli neposredno ali posredno \u0161kodo (vklju\u010dno s \u0161kodo zaradi izgube dobi\u010dka ali prihodkov, izgube ali po\u0161kodbe podatkov, programske opreme ali podatkovne baze, izgube ali po\u0161kodbe lastnine ali podatkov), ki jo utrpite vi ali katera koli tretja oseba zaradi va\u0161ega dostopa do na\u0161ega spletnega mesta ali njegove uporabe.<\/p><h2>10. Zasebnost<\/h2><p>\u010ce \u017eelite dostopati do na\u0161ega spletnega mesta in\/ali storitev, boste morda morali v postopku registracije posredovati dolo\u010dene podatke o sebi. Strinjate se, da bodo vsi podatki, ki jih posredujete, vedno to\u010dni, pravilni in posodobljeni.<\/p><p>Pripravili smo pravilnik, ki obravnava vse va\u0161e morebitne pomisleke glede zasebnosti. Za ve\u010d informacij si oglejte na\u0161o <a href=\"\">Privacy Statement<\/a> in na\u0161e <a href=\"\">Cookie Policy<\/a>.<\/p><h2>11. Izvozne omejitve \/ skladnost s predpisi<\/h2><p>Dostop do spletnega mesta z ozemelj ali dr\u017eav, kjer je vsebina ali nakup izdelkov ali storitev, ki se prodajajo na spletnem mestu, nezakonit, je prepovedan. Tega spletnega mesta ne smete uporabljati v nasprotju z izvoznimi zakoni in predpisi .<\/p><h2>12. Naloga<\/h2><p>Brez na\u0161ega predhodnega pisnega soglasja ne smete v celoti ali delno prenesti, prenesti ali oddati v podizvajanje nobene od svojih pravic in\/ali obveznosti v skladu s temi pogoji na tretjo osebo. Vsaka domnevna dodelitev, ki kr\u0161i to poglavje, bo ni\u010dna in neveljavna.<\/p><h2>13. Kr\u0161itve teh pogojev<\/h2><p>\u010ce na kakr\u0161en koli na\u010din kr\u0161ite te pogoje, lahko brez poseganja v na\u0161e druge pravice v skladu s temi pogoji in dolo\u010dili ukrepamo tako, kot se nam zdi primerno za odpravo kr\u0161itve, vklju\u010dno z za\u010dasno ali trajno prekinitvijo va\u0161ega dostopa do spletnega mesta, vzpostavitvijo stika z va\u0161im ponudnikom internetnih storitev in zahtevo, da vam onemogo\u010di dostop do spletnega mesta, in\/ali zoper vas spro\u017eimo pravni postopek.<\/p><h2>14. Od\u0161kodnina<\/h2><p>Strinjate se, da nas boste od\u0161kodovali, branili in obvarovali pred vsemi zahtevki, obveznostmi, od\u0161kodninami, izgubami in stro\u0161ki, povezanimi z va\u0161o kr\u0161itvijo teh pogojev in veljavnih zakonov, vklju\u010dno s pravicami intelektualne lastnine in pravicami do zasebnosti. Takoj nam boste povrnili \u0161kodo, izgube, stro\u0161ke in izdatke, ki se nana\u0161ajo na tak\u0161ne zahtevke ali izhajajo iz njih.<\/p><h2>15. Odstopanje od pogodbe<\/h2><p>Neizvr\u0161evanje katere koli dolo\u010dbe iz teh Pogojev in pogojev ter katere koli pogodbe ali neizvr\u0161itev katere koli mo\u017enosti prekinitve se ne \u0161teje kot odpoved takim dolo\u010dbam in ne vpliva na veljavnost teh Pogojev in pogojev ali katere koli pogodbe ali njenega dela ali na pravico do poznej\u0161ega izvr\u0161evanja vseh dolo\u010db.<\/p><h2>16. Jezik<\/h2><p>Ti pogoji se razlagajo in tolma\u010dijo izklju\u010dno v angle\u0161kem jeziku. Vsa obvestila in korespondenca bodo napisana izklju\u010dno v tem jeziku.<\/p><h2>17. Celotna pogodba<\/h2><p>Ti pogoji in dolo\u010dila skupaj z na\u0161imi <a href=\"\">izjava o zasebnosti<\/a> in . <a href=\"\">Pravilnik o pi\u0161kotkih<\/a>, predstavljajo celoten sporazum med vami in v zvezi z va\u0161o uporabo tega spletnega mesta.<\/p><h2>18. Izbira prava in pristojnosti<\/h2><p>Za te pogoje in dolo\u010dila veljajo zakoni dr\u017eave . Za vse spore v zvezi s temi pogoji in dolo\u010dili so pristojna sodi\u0161\u010da dr\u017eave . \u010ce sodi\u0161\u010de ali drug organ ugotovi, da je kateri koli del ali dolo\u010dilo teh pogojev in dolo\u010dil neveljaven in\/ali neizvr\u0161ljiv v skladu z veljavno zakonodajo, se tak\u0161en del ali dolo\u010dilo spremeni, izbri\u0161e in\/ali izvr\u0161i v najve\u010dji mo\u017eni meri, da se zagotovi namen teh pogojev in dolo\u010dil. Na druge dolo\u010dbe to ne bo vplivalo.<\/p><h2>19. Kontaktni podatki<\/h2><p>To spletno mesto je v lasti in upravljanju dru\u017ebe .<\/p><h2>20. Prenesi<\/h2><p>Prav tako lahko <a href=\"https:\/\/akeyi.me\/wp-content\/plugins\/complianz-terms-conditions\/download.php\">prenesi<\/a> na\u0161e pogoje in dolo\u010dila v obliki PDF.<\/p><\/div>","protected":false},"excerpt":{"rendered":"","protected":false},"author":1,"featured_media":0,"parent":0,"menu_order":0,"comment_status":"closed","ping_status":"closed","template":"","meta":{"footnotes":""},"class_list":["post-29","page","type-page","status-publish","hentry"],"_links":{"self":[{"href":"https:\/\/akeyi.me\/sl\/wp-json\/wp\/v2\/pages\/29","targetHints":{"allow":["GET"]}}],"collection":[{"href":"https:\/\/akeyi.me\/sl\/wp-json\/wp\/v2\/pages"}],"about":[{"href":"https:\/\/akeyi.me\/sl\/wp-json\/wp\/v2\/types\/page"}],"author":[{"embeddable":true,"href":"https:\/\/akeyi.me\/sl\/wp-json\/wp\/v2\/users\/1"}],"replies":[{"embeddable":true,"href":"https:\/\/akeyi.me\/sl\/wp-json\/wp\/v2\/comments?post=29"}],"version-history":[{"count":2,"href":"https:\/\/akeyi.me\/sl\/wp-json\/wp\/v2\/pages\/29\/revisions"}],"predecessor-version":[{"id":48,"href":"https:\/\/akeyi.me\/sl\/wp-json\/wp\/v2\/pages\/29\/revisions\/48"}],"wp:attachment":[{"href":"https:\/\/akeyi.me\/sl\/wp-json\/wp\/v2\/media?parent=29"}],"curies":[{"name":"wp","href":"https:\/\/api.w.org\/{rel}","templated":true}]}}