{"id":32,"date":"2023-02-04T19:26:31","date_gmt":"2023-02-04T18:26:31","guid":{"rendered":"https:\/\/akeyi.me\/imprint\/"},"modified":"2023-02-07T23:20:30","modified_gmt":"2023-02-07T22:20:30","slug":"odtis","status":"publish","type":"page","link":"https:\/\/akeyi.me\/sl\/odtis\/","title":{"rendered":"Imprint"},"content":{"rendered":"<!-- Legal document generated by Complianz | GDPR\/CCPA Cookie Consent https:\/\/wordpress.org\/plugins\/complianz-gdpr -->\n<div id=\"cmplz-document\" class=\"cmplz-document impressum cmplz-document-all\"><p><i>This imprint was last updated on 7 februar 2023.<\/i><\/p><p class=\"cmplz-subtitle\">Lastnik tega spletnega mesta je:<\/p><p>Kezers d.o.o.<br>&#x4c;&#101;&#x74;&#x61;&#108;&#x69;\u0161&#x6b;&#x61;&#32;&#x63;&#x65;s&#x74;&#x61; &#x31;&#54;A<br \/>\r\n&#x31;0&#x30;&#48;&#x20;&#76;&#x6a;&#x75;b&#x6c;&#106;&#x61;&#110;&#x61;<br>Slovenija<br>Email:&nbsp;hell&#111;&#064;&#107;&#101;&#122;e&#114;s.&#099;om<br>Phone number: &#x2b;&#x20;&#x33;&#x38;&#x36;&#x20;&#x31;&#x20;&#x38;&#x38;&#x38;&#x38;&#x39;&#x33;&#x33;<br>VAT ID:&nbsp;&#x53;&#x49;&#x36;&#x39;&#x34;&#57;&#48;&#49;&#49;2<\/p><h2>1. Splo\u0161no<\/h2><p class=\"cmplz-subtitle\">1.1 Pri Ajpesu smo registrirani pod licen\u010dno ali registracijsko \u0161tevilko:<\/p><p>6780172000<\/p><p>Nismo pripravljeni ali dol\u017eni sodelovati v postopkih re\u0161evanja sporov pred potro\u0161ni\u0161ko arbitra\u017eo.<\/p><h2>2. Naslednji podatki so obvezni v skladu z nem\u0161ko zakonodajo.<\/h2><p class=\"cmplz-subtitle\">2.1 Die Eigentumsanteile der Gesellschaft (Aktienkapital), die von ihr ausgegeben wurden:<\/p><p>50.000\u20ac<\/p><\/div>","protected":false},"excerpt":{"rendered":"","protected":false},"author":1,"featured_media":0,"parent":0,"menu_order":0,"comment_status":"closed","ping_status":"closed","template":"","meta":{"footnotes":""},"class_list":["post-32","page","type-page","status-publish","hentry"],"_links":{"self":[{"href":"https:\/\/akeyi.me\/sl\/wp-json\/wp\/v2\/pages\/32","targetHints":{"allow":["GET"]}}],"collection":[{"href":"https:\/\/akeyi.me\/sl\/wp-json\/wp\/v2\/pages"}],"about":[{"href":"https:\/\/akeyi.me\/sl\/wp-json\/wp\/v2\/types\/page"}],"author":[{"embeddable":true,"href":"https:\/\/akeyi.me\/sl\/wp-json\/wp\/v2\/users\/1"}],"replies":[{"embeddable":true,"href":"https:\/\/akeyi.me\/sl\/wp-json\/wp\/v2\/comments?post=32"}],"version-history":[{"count":1,"href":"https:\/\/akeyi.me\/sl\/wp-json\/wp\/v2\/pages\/32\/revisions"}],"predecessor-version":[{"id":50,"href":"https:\/\/akeyi.me\/sl\/wp-json\/wp\/v2\/pages\/32\/revisions\/50"}],"wp:attachment":[{"href":"https:\/\/akeyi.me\/sl\/wp-json\/wp\/v2\/media?parent=32"}],"curies":[{"name":"wp","href":"https:\/\/api.w.org\/{rel}","templated":true}]}}